{"id":72,"date":"2007-06-04T16:43:34","date_gmt":"2007-06-04T14:43:34","guid":{"rendered":"http:\/\/bruenicke.com\/?page_id=72"},"modified":"2007-06-11T14:15:38","modified_gmt":"2007-06-11T12:15:38","slug":"4","status":"publish","type":"page","link":"http:\/\/bruenicke.com\/?page_id=72","title":{"rendered":"4) 14. Mai 2007"},"content":{"rendered":"<table width=\"600\" rules=\"all\" cellpadding=\"3\" style=\"border: 1px solid #aaaaaa; height: 647px; text-align: center\">\n<tr>\n<th width=\"234\" bgcolor=\"#f9f9f9\">Isl\u00e4ndisch<\/th>\n<th width=\"343\" bgcolor=\"#f9f9f9\">Deutsch<\/th>\n<\/tr>\n<tr>\n<td>\n<div align=\"center\"><font face=\"Arial, Helvetica, sans-serif\">helviti<\/font><\/div>\n<\/td>\n<td>\n<div align=\"center\"><font face=\"Arial, Helvetica, sans-serif\">&#8222;Schei\u00dfe&#8220;<\/font><\/div>\n<\/td>\n<\/tr>\n<tr>\n<td>\n<div align=\"center\"><font face=\"Arial, Helvetica, sans-serif\">dj\u00f6fulsins          \/ inn<\/font><\/div>\n<\/td>\n<td>\n<div align=\"center\"><font face=\"Arial, Helvetica, sans-serif\">zum Teufel<\/font><\/div>\n<\/td>\n<\/tr>\n<tr>\n<td>\n<div align=\"center\"><font face=\"Arial, Helvetica, sans-serif\">andskotans<\/font><\/div>\n<\/td>\n<td>\n<div align=\"center\"><font face=\"Arial, Helvetica, sans-serif\">Satan<\/font><\/div>\n<\/td>\n<\/tr>\n<tr>\n<td>\n<div align=\"center\"><font face=\"Arial, Helvetica, sans-serif\">haltu \u00fe\u00e9r          saman <\/font><\/div>\n<\/td>\n<td>\n<div align=\"center\"><font face=\"Arial, Helvetica, sans-serif\">Halt den          Mund <\/font><\/div>\n<\/td>\n<\/tr>\n<tr>\n<td>\n<div align=\"center\"><font face=\"Arial, Helvetica, sans-serif\">haltu kjafti<\/font><\/div>\n<\/td>\n<td>\n<div align=\"center\"><font face=\"Arial, Helvetica, sans-serif\">H<\/font><font face=\"Arial, Helvetica, sans-serif\">alt          die Schnauze <\/font><\/div>\n<\/td>\n<\/tr>\n<tr>\n<td>\n<div align=\"center\"><font face=\"Arial, Helvetica, sans-serif\">slaka\u00f0u          \u00e1 <\/font><\/div>\n<\/td>\n<td>\n<div align=\"center\"><font face=\"Arial, Helvetica, sans-serif\">Bleib ruhig<\/font><\/div>\n<\/td>\n<\/tr>\n<tr>\n<td>\n<div align=\"center\"><font face=\"Arial, Helvetica, sans-serif\">auli<\/font><\/div>\n<\/td>\n<td>\n<div align=\"center\"><font face=\"Arial, Helvetica, sans-serif\">Loser<\/font><\/div>\n<\/td>\n<\/tr>\n<tr>\n<td>\n<div align=\"center\"><font face=\"Arial, Helvetica, sans-serif\">f\u00e1uiti<\/font><\/div>\n<\/td>\n<td>\n<div align=\"center\"><font face=\"Arial, Helvetica, sans-serif\">Idiot<\/font><\/div>\n<\/td>\n<\/tr>\n<tr>\n<td><font face=\"Arial, Helvetica, sans-serif\">dj\u00f6fulinn gaman<\/font><\/td>\n<td>\n<div align=\"center\"><font face=\"Arial, Helvetica, sans-serif\">teuflisch          gut <\/font><\/div>\n<\/td>\n<\/tr>\n<tr>\n<td>\n<div align=\"center\"><font face=\"Arial, Helvetica, sans-serif\">d\u00fdr<\/font><\/div>\n<\/td>\n<td>\n<div align=\"center\"><font face=\"Arial, Helvetica, sans-serif\">Tier<\/font><\/div>\n<\/td>\n<\/tr>\n<tr>\n<td>\n<div align=\"center\"><font face=\"Arial, Helvetica, sans-serif\">k\u00fa<\/font><\/div>\n<\/td>\n<td>\n<div align=\"center\"><font face=\"Arial, Helvetica, sans-serif\">Kuh<\/font><\/div>\n<\/td>\n<\/tr>\n<tr>\n<td>\n<div align=\"center\"><font face=\"Arial, Helvetica, sans-serif\">hundur<\/font><\/div>\n<\/td>\n<td>\n<div align=\"center\"><font face=\"Arial, Helvetica, sans-serif\">Hund<\/font><\/div>\n<\/td>\n<\/tr>\n<tr>\n<td>\n<div align=\"center\"><font face=\"Arial, Helvetica, sans-serif\">k\u00f6ttur<\/font><\/div>\n<\/td>\n<td>\n<div align=\"center\"><font face=\"Arial, Helvetica, sans-serif\">Katze<\/font><\/div>\n<\/td>\n<\/tr>\n<tr>\n<td>\n<div align=\"center\"><font face=\"Arial, Helvetica, sans-serif\">fugl<\/font><\/div>\n<\/td>\n<td>\n<div align=\"center\"><font face=\"Arial, Helvetica, sans-serif\">Vogel<\/font><\/div>\n<\/td>\n<\/tr>\n<tr>\n<td>\n<div align=\"center\"><font face=\"Arial, Helvetica, sans-serif\">kind<\/font><\/div>\n<\/td>\n<td>\n<div align=\"center\"><font face=\"Arial, Helvetica, sans-serif\">Schaf<\/font><\/div>\n<\/td>\n<\/tr>\n<tr>\n<td>\n<div align=\"center\"><font face=\"Arial, Helvetica, sans-serif\">fiskur<\/font><\/div>\n<\/td>\n<td>\n<div align=\"center\"><font face=\"Arial, Helvetica, sans-serif\">Fisch<\/font><\/div>\n<\/td>\n<\/tr>\n<tr>\n<td>\n<div align=\"center\"><font face=\"Arial, Helvetica, sans-serif\">lamb<\/font><\/div>\n<\/td>\n<td>\n<div align=\"center\"><font face=\"Arial, Helvetica, sans-serif\">Lamm<\/font><\/div>\n<\/td>\n<\/tr>\n<tr>\n<td>\n<div align=\"center\"><font face=\"Arial, Helvetica, sans-serif\">kj\u00f6t<\/font><\/div>\n<\/td>\n<td>\n<div align=\"center\"><font face=\"Arial, Helvetica, sans-serif\">Fleisch<\/font><\/div>\n<\/td>\n<\/tr>\n<tr>\n<td valign=\"top\" style=\"height: 25px\">\n<div align=\"center\"><font face=\"Arial, Helvetica, sans-serif\">lundi<\/font><\/div>\n<\/td>\n<td valign=\"top\"><font face=\"Arial, Helvetica, sans-serif\">Papageientaucher<\/font><\/td>\n<\/tr>\n<tr>\n<td valign=\"top\" style=\"height: 25px\"><font face=\"Arial, Helvetica, sans-serif\">kjuklingur<\/font><\/td>\n<td valign=\"top\"><font face=\"Arial, Helvetica, sans-serif\">Huhn<\/font><\/td>\n<\/tr>\n<tr>\n<td>\n<div align=\"center\"><font face=\"Arial, Helvetica, sans-serif\">sv\u00edn<\/font><\/div>\n<\/td>\n<td>\n<div align=\"center\"><font face=\"Arial, Helvetica, sans-serif\">Schwein<\/font><\/div>\n<\/td>\n<\/tr>\n<tr>\n<td>\n<div align=\"center\"><font face=\"Arial, Helvetica, sans-serif\">kan\u00edna<\/font><\/div>\n<\/td>\n<td>\n<div align=\"center\"><font face=\"Arial, Helvetica, sans-serif\">Kaninchen<\/font><\/div>\n<\/td>\n<\/tr>\n<tr>\n<td>\n<div align=\"center\"><font face=\"Arial, Helvetica, sans-serif\">barn<\/font><\/div>\n<\/td>\n<td>\n<div align=\"center\"><font face=\"Arial, Helvetica, sans-serif\">Kind<\/font><\/div>\n<\/td>\n<\/tr>\n<tr>\n<td>\n<div align=\"center\"><font face=\"Arial, Helvetica, sans-serif\">\u00f3frisk<\/font><\/div>\n<\/td>\n<td>\n<div align=\"center\"><font face=\"Arial, Helvetica, sans-serif\">schwanger<\/font><\/div>\n<\/td>\n<\/tr>\n<tr>\n<td>\n<div align=\"center\"><font face=\"Arial, Helvetica, sans-serif\">veitingarsta\u00f0ur<\/font><\/div>\n<\/td>\n<td>\n<div align=\"center\"><font face=\"Arial, Helvetica, sans-serif\">Restaurant<\/font><\/div>\n<\/td>\n<\/tr>\n<tr>\n<td>\n<div align=\"center\"><font face=\"Arial, Helvetica, sans-serif\">get \u00e9g          fengi\u00f0 matsedillinn<\/font><\/div>\n<\/td>\n<td>\n<div align=\"center\"><font face=\"Arial, Helvetica, sans-serif\">Kann ich          die Speisekarte bekommen<\/font><\/div>\n<\/td>\n<\/tr>\n<tr>\n<td>\n<div align=\"center\"><font face=\"Arial, Helvetica, sans-serif\">&#8230; reikninginum<\/font><\/div>\n<\/td>\n<td>\n<div align=\"center\"><font face=\"Arial, Helvetica, sans-serif\">&#8230; Rechnung&#8230;<\/font><\/div>\n<\/td>\n<\/tr>\n<tr>\n<td>\n<div align=\"center\"><font face=\"Arial, Helvetica, sans-serif\">mig langar          a\u00f0 f\u00e1 fisk<\/font><\/div>\n<\/td>\n<td>\n<div align=\"center\"><font face=\"Arial, Helvetica, sans-serif\">Ich m\u00f6chte          Fisch <\/font><\/div>\n<\/td>\n<\/tr>\n<tr>\n<td><font face=\"Arial, Helvetica, sans-serif\">gr\u00e6nmeti<\/font><\/td>\n<td><font face=\"Arial, Helvetica, sans-serif\">Gem\u00fcse<\/font><\/td>\n<\/tr>\n<tr>\n<td><font face=\"Arial, Helvetica, sans-serif\">brau\u00f0<\/font><\/td>\n<td><font face=\"Arial, Helvetica, sans-serif\">Brot<\/font><\/td>\n<\/tr>\n<tr>\n<td><font face=\"Arial, Helvetica, sans-serif\">flatk\u00f6kur<\/font><\/td>\n<td><font face=\"Arial, Helvetica, sans-serif\">\u00e4hnl. Pfannkuchen \/ nicht        s\u00fc\u00df <\/font><\/td>\n<\/tr>\n<tr>\n<td><font face=\"Arial, Helvetica, sans-serif\">hangikj\u00f6t<\/font><\/td>\n<td><font face=\"Arial, Helvetica, sans-serif\">ger. Lammfleisch<\/font><\/td>\n<\/tr>\n<tr>\n<td><font face=\"Arial, Helvetica, sans-serif\">fransbrau\u00f0<\/font><\/td>\n<td><font face=\"Arial, Helvetica, sans-serif\">Toast \/ Wei\u00dfbrot<\/font><\/td>\n<\/tr>\n<tr>\n<td><font face=\"Arial, Helvetica, sans-serif\">laufabrau\u00f0<\/font><\/td>\n<td><font face=\"Arial, Helvetica, sans-serif\">Weihnachtsbrot<\/font><\/td>\n<\/tr>\n<tr>\n<td><font face=\"Arial, Helvetica, sans-serif\">j\u00f3l<\/font><\/td>\n<td><font face=\"Arial, Helvetica, sans-serif\">Weihnachten<\/font><\/td>\n<\/tr>\n<tr>\n<td><font face=\"Arial, Helvetica, sans-serif\">j\u00f3lasveinn<\/font><\/td>\n<td><font face=\"Arial, Helvetica, sans-serif\">Weihnachtsmann<\/font><\/td>\n<\/tr>\n<tr>\n<td><font face=\"Arial, Helvetica, sans-serif\">\u00feetta er mj\u00f6g gott<\/font><\/td>\n<td><font face=\"Arial, Helvetica, sans-serif\">Das ist sehr gut<\/font><\/td>\n<\/tr>\n<tr>\n<td><font face=\"Arial, Helvetica, sans-serif\">glas<\/font><\/td>\n<td><font face=\"Arial, Helvetica, sans-serif\">Glas<\/font><\/td>\n<\/tr>\n<tr>\n<td><font face=\"Arial, Helvetica, sans-serif\">diskur<\/font><\/td>\n<td><font face=\"Arial, Helvetica, sans-serif\">Teller<\/font><\/td>\n<\/tr>\n<tr>\n<td><font face=\"Arial, Helvetica, sans-serif\">hnifur<\/font><\/td>\n<td><font face=\"Arial, Helvetica, sans-serif\">Messer<\/font><\/td>\n<\/tr>\n<tr>\n<td><font face=\"Arial, Helvetica, sans-serif\">skei\u00f0<\/font><\/td>\n<td><font face=\"Arial, Helvetica, sans-serif\">L\u00f6ffel<\/font><\/td>\n<\/tr>\n<tr>\n<td><font face=\"Arial, Helvetica, sans-serif\">flaska<\/font><\/td>\n<td><font face=\"Arial, Helvetica, sans-serif\">Flasche<\/font><\/td>\n<\/tr>\n<tr>\n<td><font face=\"Arial, Helvetica, sans-serif\">sk\u00e1l<\/font><\/td>\n<td><font face=\"Arial, Helvetica, sans-serif\">Schale<\/font><\/td>\n<\/tr>\n<tr>\n<td><font face=\"Arial, Helvetica, sans-serif\">gaffall<\/font><\/td>\n<td><font face=\"Arial, Helvetica, sans-serif\">Gabel<\/font><\/td>\n<\/tr>\n<tr>\n<td><font face=\"Arial, Helvetica, sans-serif\">\u00eds<\/font><\/td>\n<td><font face=\"Arial, Helvetica, sans-serif\">Eis<\/font><\/td>\n<\/tr>\n<tr>\n<td><font face=\"Arial, Helvetica, sans-serif\">rj\u00f3mi<\/font><\/td>\n<td><font face=\"Arial, Helvetica, sans-serif\">Sahne<\/font><\/td>\n<\/tr>\n<tr>\n<td><font face=\"Arial, Helvetica, sans-serif\">skyr<\/font><\/td>\n<td><font face=\"Arial, Helvetica, sans-serif\">Skyr<\/font><\/td>\n<\/tr>\n<tr>\n<td><font face=\"Arial, Helvetica, sans-serif\">kaka \/ k\u00f6kur<\/font><\/td>\n<td><font face=\"Arial, Helvetica, sans-serif\">Kuchen<\/font><\/td>\n<\/tr>\n<tr>\n<td><font face=\"Arial, Helvetica, sans-serif\">kleynur<\/font><\/td>\n<td><font face=\"Arial, Helvetica, sans-serif\">Kleinur<\/font><\/td>\n<\/tr>\n<tr>\n<td><font face=\"Arial, Helvetica, sans-serif\">s\u00farmj\u00f6lk<\/font><\/td>\n<td><font face=\"Arial, Helvetica, sans-serif\">Sauermilch<\/font><\/td>\n<\/tr>\n<tr>\n<td><font face=\"Arial, Helvetica, sans-serif\">\u00e1starpunkar<\/font><\/td>\n<td><font face=\"Arial, Helvetica, sans-serif\">&#8222;Liebeshoden&#8220;<\/font><\/td>\n<\/tr>\n<tr>\n<td><font face=\"Arial, Helvetica, sans-serif\">hr\u00fatspungar<\/font><\/td>\n<td><font face=\"Arial, Helvetica, sans-serif\">Hammelhoden<\/font><\/td>\n<\/tr>\n<tr>\n<td><font face=\"Arial, Helvetica, sans-serif\">svi\u00f0<\/font><\/td>\n<td><font face=\"Arial, Helvetica, sans-serif\">Schafskopf<\/font><\/td>\n<\/tr>\n<tr>\n<td><font face=\"Arial, Helvetica, sans-serif\">lambal\u00e6ri<\/font><\/td>\n<td><font face=\"Arial, Helvetica, sans-serif\">Lammkeule<\/font><\/td>\n<\/tr>\n<tr>\n<td><font face=\"Arial, Helvetica, sans-serif\">mj\u00f3lk<\/font><\/td>\n<td><font face=\"Arial, Helvetica, sans-serif\">Milch<\/font><\/td>\n<\/tr>\n<tr>\n<td><font face=\"Arial, Helvetica, sans-serif\">safi<\/font><\/td>\n<td><font face=\"Arial, Helvetica, sans-serif\">Saft<\/font><\/td>\n<\/tr>\n<tr>\n<td><font face=\"Arial, Helvetica, sans-serif\">vatn<\/font><\/td>\n<td><font face=\"Arial, Helvetica, sans-serif\">Wasser<\/font><\/td>\n<\/tr>\n<tr>\n<td><font face=\"Arial, Helvetica, sans-serif\">kaffi<\/font><\/td>\n<td><font face=\"Arial, Helvetica, sans-serif\">Kaffee<\/font><\/td>\n<\/tr>\n<tr>\n<td><font face=\"Arial, Helvetica, sans-serif\">te<\/font><\/td>\n<td><font face=\"Arial, Helvetica, sans-serif\">Tee<\/font><\/td>\n<\/tr>\n<tr>\n<td><font face=\"Arial, Helvetica, sans-serif\">bj\u00f3r<\/font><\/td>\n<td><font face=\"Arial, Helvetica, sans-serif\">Bier<\/font><\/td>\n<\/tr>\n<tr>\n<td><font face=\"Arial, Helvetica, sans-serif\">hvitvin<\/font><\/td>\n<td><font face=\"Arial, Helvetica, sans-serif\">Wei\u00dfwein<\/font><\/td>\n<\/tr>\n<tr>\n<td><font face=\"Arial, Helvetica, sans-serif\">rau\u00f0vin<\/font><\/td>\n<td><font face=\"Arial, Helvetica, sans-serif\">Rotwein<\/font><\/td>\n<\/tr>\n<tr>\n<td><font face=\"Arial, Helvetica, sans-serif\">k\u00f3k<\/font><\/td>\n<td><font face=\"Arial, Helvetica, sans-serif\">Cola<\/font><\/td>\n<\/tr>\n<tr>\n<td><font face=\"Arial, Helvetica, sans-serif\">kak\u00f3<\/font><\/td>\n<td><font face=\"Arial, Helvetica, sans-serif\">Kakao<\/font><\/td>\n<\/tr>\n<tr>\n<td><font face=\"Arial, Helvetica, sans-serif\">s\u00fakkuladi<\/font><\/td>\n<td><font face=\"Arial, Helvetica, sans-serif\">Schokolade<\/font><\/td>\n<\/tr>\n<tr>\n<td><font face=\"Arial, Helvetica, sans-serif\">ostur<\/font><\/td>\n<td><font face=\"Arial, Helvetica, sans-serif\">K\u00e4se<\/font><\/td>\n<\/tr>\n<tr>\n<td><font face=\"Arial, Helvetica, sans-serif\">skinka<\/font><\/td>\n<td><font face=\"Arial, Helvetica, sans-serif\">Schinken<\/font><\/td>\n<\/tr>\n<tr>\n<td><font face=\"Arial, Helvetica, sans-serif\">viltu meira?<\/font><\/td>\n<td><font face=\"Arial, Helvetica, sans-serif\">Willst Du mehr?<\/font><\/td>\n<\/tr>\n<tr>\n<td><font face=\"Arial, Helvetica, sans-serif\">viltu giftast m\u00e9r?<\/font><\/td>\n<td><font face=\"Arial, Helvetica, sans-serif\">Willst Du mich heiraten?<\/font><\/td>\n<\/tr>\n<tr>\n<td><font face=\"Arial, Helvetica, sans-serif\">e\u00f0a<\/font><\/td>\n<td><font face=\"Arial, Helvetica, sans-serif\">oder<\/font><\/td>\n<\/tr>\n<\/table>\n","protected":false},"excerpt":{"rendered":"<p>Isl\u00e4ndisch Deutsch helviti &#8222;Schei\u00dfe&#8220; dj\u00f6fulsins \/ inn zum Teufel andskotans Satan haltu \u00fe\u00e9r saman Halt den Mund haltu kjafti Halt die Schnauze slaka\u00f0u \u00e1 Bleib ruhig auli Loser f\u00e1uiti Idiot dj\u00f6fulinn gaman teuflisch gut d\u00fdr Tier k\u00fa Kuh hundur Hund k\u00f6ttur Katze fugl Vogel kind Schaf fiskur Fisch lamb Lamm kj\u00f6t Fleisch lundi Papageientaucher kjuklingur [&hellip;]<\/p>\n","protected":false},"author":1,"featured_media":0,"parent":30,"menu_order":0,"comment_status":"open","ping_status":"closed","template":"","meta":{"footnotes":""},"class_list":["post-72","page","type-page","status-publish","hentry"],"_links":{"self":[{"href":"http:\/\/bruenicke.com\/index.php?rest_route=\/wp\/v2\/pages\/72","targetHints":{"allow":["GET"]}}],"collection":[{"href":"http:\/\/bruenicke.com\/index.php?rest_route=\/wp\/v2\/pages"}],"about":[{"href":"http:\/\/bruenicke.com\/index.php?rest_route=\/wp\/v2\/types\/page"}],"author":[{"embeddable":true,"href":"http:\/\/bruenicke.com\/index.php?rest_route=\/wp\/v2\/users\/1"}],"replies":[{"embeddable":true,"href":"http:\/\/bruenicke.com\/index.php?rest_route=%2Fwp%2Fv2%2Fcomments&post=72"}],"version-history":[{"count":0,"href":"http:\/\/bruenicke.com\/index.php?rest_route=\/wp\/v2\/pages\/72\/revisions"}],"up":[{"embeddable":true,"href":"http:\/\/bruenicke.com\/index.php?rest_route=\/wp\/v2\/pages\/30"}],"wp:attachment":[{"href":"http:\/\/bruenicke.com\/index.php?rest_route=%2Fwp%2Fv2%2Fmedia&parent=72"}],"curies":[{"name":"wp","href":"https:\/\/api.w.org\/{rel}","templated":true}]}}