{"id":71,"date":"2007-06-04T16:13:06","date_gmt":"2007-06-04T14:13:06","guid":{"rendered":"http:\/\/bruenicke.com\/?page_id=71"},"modified":"2007-06-11T14:15:19","modified_gmt":"2007-06-11T12:15:19","slug":"3","status":"publish","type":"page","link":"http:\/\/bruenicke.com\/?page_id=71","title":{"rendered":"3) 07. Mai 2007"},"content":{"rendered":"<table width=\"600\" rules=\"all\" cellpadding=\"3\" style=\"border: 1px solid #aaaaaa; height: 647px; text-align: center\">\n<tr>\n<th width=\"234\" bgcolor=\"#f9f9f9\">Isl\u00e4ndisch<\/th>\n<th width=\"343\" bgcolor=\"#f9f9f9\">Deutsch<\/th>\n<\/tr>\n<tr>\n<td>\n<div align=\"center\"><font face=\"Arial, Helvetica, sans-serif\">heyr\u00f0u<\/font><\/div>\n<\/td>\n<td>\n<div align=\"center\"><font face=\"Arial, Helvetica, sans-serif\">H\u00f6r          mal<\/font><\/div>\n<\/td>\n<\/tr>\n<tr>\n<td>\n<div align=\"center\"><font face=\"Arial, Helvetica, sans-serif\">ert \u00fe\u00fa          laus? <\/font><\/div>\n<\/td>\n<td>\n<div align=\"center\"><font face=\"Arial, Helvetica, sans-serif\">Bist Du          frei? (Taxi)<\/font><\/div>\n<\/td>\n<\/tr>\n<tr>\n<td>\n<div align=\"center\"><font face=\"Arial, Helvetica, sans-serif\">ert \u00fe\u00fa          \u00e1 lausu?<\/font><\/div>\n<\/td>\n<td>\n<div align=\"center\"><font face=\"Arial, Helvetica, sans-serif\">Bist Du          noch zu haben<\/font><\/div>\n<\/td>\n<\/tr>\n<tr>\n<td>\n<div align=\"center\"><font face=\"Arial, Helvetica, sans-serif\">hva\u00f0          kostar \u00feetta?<\/font><\/div>\n<\/td>\n<td>\n<div align=\"center\"><font face=\"Arial, Helvetica, sans-serif\">Was kostet          das? <\/font><\/div>\n<\/td>\n<\/tr>\n<tr>\n<td>\n<div align=\"center\"><font face=\"Arial, Helvetica, sans-serif\">uppl\u00fdsinigar<\/font><\/div>\n<\/td>\n<td>\n<div align=\"center\"><font face=\"Arial, Helvetica, sans-serif\">Auskunft          \/ Information<\/font><\/div>\n<\/td>\n<\/tr>\n<tr>\n<td>\n<div align=\"center\"><font face=\"Arial, Helvetica, sans-serif\">athugi\u00f0<\/font><\/div>\n<\/td>\n<td>\n<div align=\"center\"><font face=\"Arial, Helvetica, sans-serif\">Achtung<\/font><\/div>\n<\/td>\n<\/tr>\n<tr>\n<td>\n<div align=\"center\"><font face=\"Arial, Helvetica, sans-serif\">hvernig          l\u00ed\u00f0ur \u00fe\u00e9r?<\/font><\/div>\n<\/td>\n<td>\n<div align=\"center\"><font face=\"Arial, Helvetica, sans-serif\">Wie f\u00fchlst          Du Dich?<\/font><\/div>\n<\/td>\n<\/tr>\n<tr>\n<td>\n<div align=\"center\"><font face=\"Arial, Helvetica, sans-serif\">hva\u00f0          segir \u00fe\u00fa gott?<\/font><\/div>\n<\/td>\n<td>\n<div align=\"center\"><font face=\"Arial, Helvetica, sans-serif\">Wie geht          es Dir?<\/font><\/div>\n<\/td>\n<\/tr>\n<tr>\n<td><font face=\"Arial, Helvetica, sans-serif\">ver\u00f0i \u00fe\u00e9r (ykkur)        a\u00f0 g\u00f3\u00f0u<\/font><\/td>\n<td>\n<div align=\"center\"><font face=\"Arial, Helvetica, sans-serif\">Guten Appetit<\/font><\/div>\n<\/td>\n<\/tr>\n<tr>\n<td>\n<div align=\"center\"><font face=\"Arial, Helvetica, sans-serif\">matur<\/font><\/div>\n<\/td>\n<td>\n<div align=\"center\"><font face=\"Arial, Helvetica, sans-serif\">Essen<\/font><\/div>\n<\/td>\n<\/tr>\n<tr>\n<td>\n<div align=\"center\"><font face=\"Arial, Helvetica, sans-serif\">drykkur<\/font><\/div>\n<\/td>\n<td>\n<div align=\"center\"><font face=\"Arial, Helvetica, sans-serif\">Trinken<\/font><\/div>\n<\/td>\n<\/tr>\n<tr>\n<td>\n<div align=\"center\"><font face=\"Arial, Helvetica, sans-serif\">morgunmatur<\/font><\/div>\n<\/td>\n<td>\n<div align=\"center\"><font face=\"Arial, Helvetica, sans-serif\">Fr\u00fchst\u00fcck<\/font><\/div>\n<\/td>\n<\/tr>\n<tr>\n<td>\n<div align=\"center\"><font face=\"Arial, Helvetica, sans-serif\">h\u00e1degismatur<\/font><\/div>\n<\/td>\n<td>\n<div align=\"center\"><font face=\"Arial, Helvetica, sans-serif\">Mittag<\/font><\/div>\n<\/td>\n<\/tr>\n<tr>\n<td>\n<div align=\"center\"><font face=\"Arial, Helvetica, sans-serif\">kv\u00f6ldmatur<\/font><\/div>\n<\/td>\n<td>\n<div align=\"center\"><font face=\"Arial, Helvetica, sans-serif\">Abendbrot<\/font><\/div>\n<\/td>\n<\/tr>\n<tr>\n<td>\n<div align=\"center\"><font face=\"Arial, Helvetica, sans-serif\">desert<\/font><\/div>\n<\/td>\n<td>\n<div align=\"center\"><font face=\"Arial, Helvetica, sans-serif\">Dessert<\/font><\/div>\n<\/td>\n<\/tr>\n<tr>\n<td>\n<div align=\"center\"><font face=\"Arial, Helvetica, sans-serif\">hla\u00f0bor\u00f0<\/font><\/div>\n<\/td>\n<td>\n<div align=\"center\"><font face=\"Arial, Helvetica, sans-serif\">Buffet<\/font><\/div>\n<\/td>\n<\/tr>\n<tr>\n<td>\n<div align=\"center\"><font face=\"Arial, Helvetica, sans-serif\">\u00e9g          er sv\u00f6ng<\/font><\/div>\n<\/td>\n<td>\n<div align=\"center\"><font face=\"Arial, Helvetica, sans-serif\">Ich bin          hungrig (w)<\/font><\/div>\n<\/td>\n<\/tr>\n<tr>\n<td>\n<div align=\"center\"><font face=\"Arial, Helvetica, sans-serif\">\u00e9g          er svangur <\/font><\/div>\n<\/td>\n<td>\n<div align=\"center\"><font face=\"Arial, Helvetica, sans-serif\">Ich bin          hungrig (m)<\/font><\/div>\n<\/td>\n<\/tr>\n<tr>\n<td valign=\"top\" style=\"height: 25px\">\n<div align=\"center\"><font face=\"Arial, Helvetica, sans-serif\">\u00e9g          er \u00feyrst \/ ur<\/font><\/div>\n<\/td>\n<td valign=\"top\"><font face=\"Arial, Helvetica, sans-serif\">Ich bin durstig<\/font><\/td>\n<\/tr>\n<tr>\n<td valign=\"top\" style=\"height: 25px\"><font face=\"Arial, Helvetica, sans-serif\">\u00e9g        er s\u00f6dd \/ saddur<\/font><\/td>\n<td valign=\"top\"><font face=\"Arial, Helvetica, sans-serif\">Ich bin satt<\/font><\/td>\n<\/tr>\n<tr>\n<td>\n<div align=\"center\"><font face=\"Arial, Helvetica, sans-serif\">bens\u00ednst\u00f6\u00f0<\/font><\/div>\n<\/td>\n<td>\n<div align=\"center\"><font face=\"Arial, Helvetica, sans-serif\">Tankstelle<\/font><\/div>\n<\/td>\n<\/tr>\n<tr>\n<td>\n<div align=\"center\"><font face=\"Arial, Helvetica, sans-serif\">har\u00f0fiskur<\/font><\/div>\n<\/td>\n<td>\n<div align=\"center\"><font face=\"Arial, Helvetica, sans-serif\">Trockenfisch<\/font><\/div>\n<\/td>\n<\/tr>\n<tr>\n<td>\n<div align=\"center\"><font face=\"Arial, Helvetica, sans-serif\">h\u00e1karl<\/font><\/div>\n<\/td>\n<td>\n<div align=\"center\"><font face=\"Arial, Helvetica, sans-serif\">Hai<\/font><\/div>\n<\/td>\n<\/tr>\n<tr>\n<td>\n<div align=\"center\"><font face=\"Arial, Helvetica, sans-serif\">\u00fdsa<\/font><\/div>\n<\/td>\n<td>\n<div align=\"center\"><font face=\"Arial, Helvetica, sans-serif\">Seelachs<\/font><\/div>\n<\/td>\n<\/tr>\n<tr>\n<td>\n<div align=\"center\"><font face=\"Arial, Helvetica, sans-serif\">\u00feorskur<\/font><\/div>\n<\/td>\n<td>\n<div align=\"center\"><font face=\"Arial, Helvetica, sans-serif\">Dorsch<\/font><\/div>\n<\/td>\n<\/tr>\n<tr>\n<td>\n<div align=\"center\"><font face=\"Arial, Helvetica, sans-serif\">saltfiskur<\/font><\/div>\n<\/td>\n<td>\n<div align=\"center\"><font face=\"Arial, Helvetica, sans-serif\">Salzfisch<\/font><\/div>\n<\/td>\n<\/tr>\n<tr>\n<td>\n<div align=\"center\"><font face=\"Arial, Helvetica, sans-serif\">helv\u00edtis<\/font><\/div>\n<\/td>\n<td>\n<div align=\"center\"><font face=\"Arial, Helvetica, sans-serif\">zur H\u00f6lle<\/font><\/div>\n<\/td>\n<\/tr>\n<tr>\n<td>\n<div align=\"center\"><font face=\"Arial, Helvetica, sans-serif\">dj\u00f6fullinn<\/font><\/div>\n<\/td>\n<td>\n<div align=\"center\"><font face=\"Arial, Helvetica, sans-serif\">zum Teufel<\/font><\/div>\n<\/td>\n<\/tr>\n<tr>\n<td><font face=\"Arial, Helvetica, sans-serif\">k\u00fakur<\/font><\/td>\n<td><font face=\"Arial, Helvetica, sans-serif\">Schei\u00dfkerl<\/font><\/td>\n<\/tr>\n<tr>\n<td><font face=\"Arial, Helvetica, sans-serif\">\u00fe\u00fa ert algj\u00f6r        asni <\/font><\/td>\n<td><font face=\"Arial, Helvetica, sans-serif\">Du biet ein totaler Esel<\/font><\/td>\n<\/tr>\n<tr>\n<td><font face=\"Arial, Helvetica, sans-serif\">fr\u00e1b\u00e6rt<\/font><\/td>\n<td><font face=\"Arial, Helvetica, sans-serif\">Lob<\/font><\/td>\n<\/tr>\n<tr>\n<td><font face=\"Arial, Helvetica, sans-serif\">til hamingju me\u00f0 afm\u00e6li\u00f0<\/font><\/td>\n<td><font face=\"Arial, Helvetica, sans-serif\">Herzlichen Gl\u00fcckwunsch<\/font><\/td>\n<\/tr>\n<tr>\n<td><font face=\"Arial, Helvetica, sans-serif\">hvar er klosetti\u00f0?<\/font><\/td>\n<td><font face=\"Arial, Helvetica, sans-serif\">Wo ist das Klo?<\/font><\/td>\n<\/tr>\n<tr>\n<td><font face=\"Arial, Helvetica, sans-serif\">Herra \/ Karlar<\/font><\/td>\n<td><font face=\"Arial, Helvetica, sans-serif\">Herren<\/font><\/td>\n<\/tr>\n<tr>\n<td><font face=\"Arial, Helvetica, sans-serif\">D\u00f6mur \/ Konur<\/font><\/td>\n<td><font face=\"Arial, Helvetica, sans-serif\">Damen<\/font><\/td>\n<\/tr>\n<tr>\n<td valign=\"top\">go\u00f0a fer\u00f0<\/td>\n<td valign=\"top\">Gute Reise<\/td>\n<\/tr>\n<tr>\n<td valign=\"top\">\u00e9g er hamingjus\u00f6m \/ amur<\/td>\n<td valign=\"top\">Ich bin gl\u00fccklich<\/td>\n<\/tr>\n<\/table>\n","protected":false},"excerpt":{"rendered":"<p>Isl\u00e4ndisch Deutsch heyr\u00f0u H\u00f6r mal ert \u00fe\u00fa laus? Bist Du frei? (Taxi) ert \u00fe\u00fa \u00e1 lausu? Bist Du noch zu haben hva\u00f0 kostar \u00feetta? Was kostet das? uppl\u00fdsinigar Auskunft \/ Information athugi\u00f0 Achtung hvernig l\u00ed\u00f0ur \u00fe\u00e9r? Wie f\u00fchlst Du Dich? hva\u00f0 segir \u00fe\u00fa gott? Wie geht es Dir? ver\u00f0i \u00fe\u00e9r (ykkur) a\u00f0 g\u00f3\u00f0u Guten Appetit [&hellip;]<\/p>\n","protected":false},"author":1,"featured_media":0,"parent":30,"menu_order":0,"comment_status":"open","ping_status":"closed","template":"","meta":{"footnotes":""},"class_list":["post-71","page","type-page","status-publish","hentry"],"_links":{"self":[{"href":"http:\/\/bruenicke.com\/index.php?rest_route=\/wp\/v2\/pages\/71","targetHints":{"allow":["GET"]}}],"collection":[{"href":"http:\/\/bruenicke.com\/index.php?rest_route=\/wp\/v2\/pages"}],"about":[{"href":"http:\/\/bruenicke.com\/index.php?rest_route=\/wp\/v2\/types\/page"}],"author":[{"embeddable":true,"href":"http:\/\/bruenicke.com\/index.php?rest_route=\/wp\/v2\/users\/1"}],"replies":[{"embeddable":true,"href":"http:\/\/bruenicke.com\/index.php?rest_route=%2Fwp%2Fv2%2Fcomments&post=71"}],"version-history":[{"count":0,"href":"http:\/\/bruenicke.com\/index.php?rest_route=\/wp\/v2\/pages\/71\/revisions"}],"up":[{"embeddable":true,"href":"http:\/\/bruenicke.com\/index.php?rest_route=\/wp\/v2\/pages\/30"}],"wp:attachment":[{"href":"http:\/\/bruenicke.com\/index.php?rest_route=%2Fwp%2Fv2%2Fmedia&parent=71"}],"curies":[{"name":"wp","href":"https:\/\/api.w.org\/{rel}","templated":true}]}}