{"id":70,"date":"2007-06-04T15:50:53","date_gmt":"2007-06-04T13:50:53","guid":{"rendered":"http:\/\/bruenicke.com\/?page_id=70"},"modified":"2007-06-11T14:14:59","modified_gmt":"2007-06-11T12:14:59","slug":"2","status":"publish","type":"page","link":"http:\/\/bruenicke.com\/?page_id=70","title":{"rendered":"2) 09. April 2007"},"content":{"rendered":"<table width=\"600\" rules=\"all\" cellpadding=\"3\" style=\"border: 1px solid #aaaaaa; height: 647px; text-align: center\">\n<tr>\n<th bgcolor=\"#f9f9f9\">Isl\u00e4ndisch<\/th>\n<th bgcolor=\"#f9f9f9\">Deutsch<\/th>\n<\/tr>\n<tr>\n<td>\n<div align=\"center\"><font face=\"Arial, Helvetica, sans-serif\">m\u00e1nadagur<\/font><\/div>\n<\/td>\n<td>\n<div align=\"center\"><font face=\"Arial, Helvetica, sans-serif\">Montag<\/font><\/div>\n<\/td>\n<\/tr>\n<tr>\n<td>\n<div align=\"center\"><font face=\"Arial, Helvetica, sans-serif\">\u00feri\u00f0judagur<\/font><\/div>\n<\/td>\n<td>\n<div align=\"center\"><font face=\"Arial, Helvetica, sans-serif\">Dienstag<\/font><\/div>\n<\/td>\n<\/tr>\n<tr>\n<td>\n<div align=\"center\"><font face=\"Arial, Helvetica, sans-serif\">mi\u00f0vikurdagur<\/font><\/div>\n<\/td>\n<td>\n<div align=\"center\"><font face=\"Arial, Helvetica, sans-serif\">Mittwoch<\/font><\/div>\n<\/td>\n<\/tr>\n<tr>\n<td>\n<div align=\"center\"><font face=\"Arial, Helvetica, sans-serif\">fimmtudagur<\/font><\/div>\n<\/td>\n<td>\n<div align=\"center\"><font face=\"Arial, Helvetica, sans-serif\">Donnerstag<\/font><\/div>\n<\/td>\n<\/tr>\n<tr>\n<td>\n<div align=\"center\"><font face=\"Arial, Helvetica, sans-serif\">f\u00f6studagur<\/font><\/div>\n<\/td>\n<td>\n<div align=\"center\"><font face=\"Arial, Helvetica, sans-serif\">Freitag<\/font><\/div>\n<\/td>\n<\/tr>\n<tr>\n<td>\n<div align=\"center\"><font face=\"Arial, Helvetica, sans-serif\">laugadagur<\/font><\/div>\n<\/td>\n<td>\n<div align=\"center\"><font face=\"Arial, Helvetica, sans-serif\">Samstag<\/font><\/div>\n<\/td>\n<\/tr>\n<tr>\n<td>\n<div align=\"center\"><font face=\"Arial, Helvetica, sans-serif\">sunnudagur<\/font><\/div>\n<\/td>\n<td>\n<div align=\"center\"><font face=\"Arial, Helvetica, sans-serif\">Sonntag<\/font><\/div>\n<\/td>\n<\/tr>\n<tr>\n<td>\n<div align=\"center\"><font face=\"Arial, Helvetica, sans-serif\">helgidagur<\/font><\/div>\n<\/td>\n<td>\n<div align=\"center\"><font face=\"Arial, Helvetica, sans-serif\">Feiertag<\/font><\/div>\n<\/td>\n<\/tr>\n<tr>\n<td><font face=\"Arial, Helvetica, sans-serif\">virkurdagir<\/font><\/td>\n<td>\n<div align=\"center\"><font face=\"Arial, Helvetica, sans-serif\">Wochentag<\/font><\/div>\n<\/td>\n<\/tr>\n<tr>\n<td>\n<div align=\"center\"><font face=\"Arial, Helvetica, sans-serif\">helgi<\/font><\/div>\n<\/td>\n<td>\n<div align=\"center\"><font face=\"Arial, Helvetica, sans-serif\">Wochenende<\/font><\/div>\n<\/td>\n<\/tr>\n<tr>\n<td>\n<div align=\"center\"><font face=\"Arial, Helvetica, sans-serif\">\u00e1          f\u00f6studag get \u00e9g ri\u00f0i\u00f0 hestinum minum<\/font><\/div>\n<\/td>\n<td>\n<div align=\"center\"><font face=\"Arial, Helvetica, sans-serif\">Am Freitag          kann ich mein Pferd reiten<\/font><\/div>\n<\/td>\n<\/tr>\n<tr>\n<td>\n<div align=\"center\"><font face=\"Arial, Helvetica, sans-serif\">\u00e1          morgun ri\u00f0 \u00e9g hestinum minum<\/font><\/div>\n<\/td>\n<td>\n<div align=\"center\"><font face=\"Arial, Helvetica, sans-serif\">Morgen          reite ich mein Pferd<\/font><\/div>\n<\/td>\n<\/tr>\n<tr>\n<td>\n<div align=\"center\"><font face=\"Arial, Helvetica, sans-serif\">getur \u00feu          hj\u00e1pa\u00f0 m\u00e9r?<\/font><\/div>\n<\/td>\n<td>\n<div align=\"center\"><font face=\"Arial, Helvetica, sans-serif\">Kannst          Du mir helfen?<\/font><\/div>\n<\/td>\n<\/tr>\n<tr>\n<td>\n<div align=\"center\"><font face=\"Arial, Helvetica, sans-serif\">takk fyrir          kensluna <\/font><\/div>\n<\/td>\n<td>\n<div align=\"center\"><font face=\"Arial, Helvetica, sans-serif\">Danke f\u00fcr          den Unterricht<\/font><\/div>\n<\/td>\n<\/tr>\n<tr>\n<td>\n<div align=\"center\"><font face=\"Arial, Helvetica, sans-serif\">g\u00f3\u00f0a          skemmtun <\/font><\/div>\n<\/td>\n<td>\n<div align=\"center\"><font face=\"Arial, Helvetica, sans-serif\">Viel Spa\u00df<\/font><\/div>\n<\/td>\n<\/tr>\n<tr>\n<td>\n<div align=\"center\"><font face=\"Arial, Helvetica, sans-serif\">gangi \u00fe\u00e9r          vel <\/font><\/div>\n<\/td>\n<td>\n<div align=\"center\"><font face=\"Arial, Helvetica, sans-serif\">Viel Gl\u00fcck<\/font><\/div>\n<\/td>\n<\/tr>\n<tr>\n<td>\n<div align=\"center\"><font face=\"Arial, Helvetica, sans-serif\">\u00e9g          elska \u00feig<\/font><\/div>\n<\/td>\n<td>\n<div align=\"center\">Ich liebe Dich<\/div>\n<\/td>\n<\/tr>\n<tr>\n<td>\n<div align=\"center\"><font face=\"Arial, Helvetica, sans-serif\">\u00e9g          er skotin \u00ed \u00fe\u00e9r<\/font><\/div>\n<\/td>\n<td>\n<div align=\"center\">Ich bin verliebt in Dich<\/div>\n<\/td>\n<\/tr>\n<tr>\n<td>\n<div align=\"center\"><font face=\"Arial, Helvetica, sans-serif\">korter          yfir \/ \u00ed<\/font><\/div>\n<\/td>\n<td>\n<div align=\"center\"><font face=\"Arial, Helvetica, sans-serif\">viertel          nach \/ vor<\/font><\/div>\n<\/td>\n<\/tr>\n<tr>\n<td>\n<div align=\"center\"><font face=\"Arial, Helvetica, sans-serif\">h\u00e1lf          \u00e1tta <\/font><\/div>\n<\/td>\n<td>\n<div align=\"center\"><font face=\"Arial, Helvetica, sans-serif\">halb acht<\/font><\/div>\n<\/td>\n<\/tr>\n<tr>\n<td>\n<div align=\"center\"><font face=\"Arial, Helvetica, sans-serif\">m\u00ednutur<\/font><\/div>\n<\/td>\n<td>\n<div align=\"center\"><font face=\"Arial, Helvetica, sans-serif\">Minute<\/font><\/div>\n<\/td>\n<\/tr>\n<tr>\n<td>\n<div align=\"center\"><font face=\"Arial, Helvetica, sans-serif\">n\u00fana<\/font><\/div>\n<\/td>\n<td>\n<div align=\"center\"><font face=\"Arial, Helvetica, sans-serif\">jetzt<\/font><\/div>\n<\/td>\n<\/tr>\n<tr>\n<td>\n<div align=\"center\"><font face=\"Arial, Helvetica, sans-serif\">jan\u00faar<\/font><\/div>\n<\/td>\n<td>\n<div align=\"center\"><font face=\"Arial, Helvetica, sans-serif\">Januar<\/font><\/div>\n<\/td>\n<\/tr>\n<tr>\n<td>\n<div align=\"center\"><font face=\"Arial, Helvetica, sans-serif\">febr\u00faar<\/font><\/div>\n<\/td>\n<td>\n<div align=\"center\"><font face=\"Arial, Helvetica, sans-serif\">Februar<\/font><\/div>\n<\/td>\n<\/tr>\n<tr>\n<td>\n<div align=\"center\"><font face=\"Arial, Helvetica, sans-serif\">mars<\/font><\/div>\n<\/td>\n<td>\n<div align=\"center\"><font face=\"Arial, Helvetica, sans-serif\">M\u00e4rz<\/font><\/div>\n<\/td>\n<\/tr>\n<tr>\n<td>\n<div align=\"center\"><font face=\"Arial, Helvetica, sans-serif\">apr\u00edl<\/font><\/div>\n<\/td>\n<td>\n<div align=\"center\"><font face=\"Arial, Helvetica, sans-serif\">April<\/font><\/div>\n<\/td>\n<\/tr>\n<tr>\n<td>\n<div align=\"center\"><font face=\"Arial, Helvetica, sans-serif\">ma\u00ed<\/font><\/div>\n<\/td>\n<td>\n<div align=\"center\"><font face=\"Arial, Helvetica, sans-serif\">Mai<\/font><\/div>\n<\/td>\n<\/tr>\n<tr>\n<td><font face=\"Arial, Helvetica, sans-serif\">j\u00fali<\/font><\/td>\n<td><font face=\"Arial, Helvetica, sans-serif\">Juli<\/font><\/td>\n<\/tr>\n<tr>\n<td><font face=\"Arial, Helvetica, sans-serif\">\u00e1ugust<\/font><\/td>\n<td><font face=\"Arial, Helvetica, sans-serif\">August<\/font><\/td>\n<\/tr>\n<tr>\n<td><font face=\"Arial, Helvetica, sans-serif\">september<\/font><\/td>\n<td><font face=\"Arial, Helvetica, sans-serif\">September<\/font><\/td>\n<\/tr>\n<tr>\n<td><font face=\"Arial, Helvetica, sans-serif\">oktober<\/font><\/td>\n<td><font face=\"Arial, Helvetica, sans-serif\">Oktober<\/font><\/td>\n<\/tr>\n<tr>\n<td><font face=\"Arial, Helvetica, sans-serif\">n\u00f3vember<\/font><\/td>\n<td><font face=\"Arial, Helvetica, sans-serif\">November<\/font><\/td>\n<\/tr>\n<tr>\n<td><font face=\"Arial, Helvetica, sans-serif\">desember<\/font><\/td>\n<td><font face=\"Arial, Helvetica, sans-serif\">Dezember<\/font><\/td>\n<\/tr>\n<tr>\n<td><font face=\"Arial, Helvetica, sans-serif\">\u00e9g \u00e1 afm\u00e6li        \u00ed n\u00f3vember<\/font><\/td>\n<td><font face=\"Arial, Helvetica, sans-serif\">Ich habe Geburtstag am 6.11.        (L\u00edsa)<\/font><\/td>\n<\/tr>\n<\/table>\n","protected":false},"excerpt":{"rendered":"<p>Isl\u00e4ndisch Deutsch m\u00e1nadagur Montag \u00feri\u00f0judagur Dienstag mi\u00f0vikurdagur Mittwoch fimmtudagur Donnerstag f\u00f6studagur Freitag laugadagur Samstag sunnudagur Sonntag helgidagur Feiertag virkurdagir Wochentag helgi Wochenende \u00e1 f\u00f6studag get \u00e9g ri\u00f0i\u00f0 hestinum minum Am Freitag kann ich mein Pferd reiten \u00e1 morgun ri\u00f0 \u00e9g hestinum minum Morgen reite ich mein Pferd getur \u00feu hj\u00e1pa\u00f0 m\u00e9r? Kannst Du mir helfen? [&hellip;]<\/p>\n","protected":false},"author":1,"featured_media":0,"parent":30,"menu_order":0,"comment_status":"open","ping_status":"closed","template":"","meta":{"footnotes":""},"class_list":["post-70","page","type-page","status-publish","hentry"],"_links":{"self":[{"href":"http:\/\/bruenicke.com\/index.php?rest_route=\/wp\/v2\/pages\/70","targetHints":{"allow":["GET"]}}],"collection":[{"href":"http:\/\/bruenicke.com\/index.php?rest_route=\/wp\/v2\/pages"}],"about":[{"href":"http:\/\/bruenicke.com\/index.php?rest_route=\/wp\/v2\/types\/page"}],"author":[{"embeddable":true,"href":"http:\/\/bruenicke.com\/index.php?rest_route=\/wp\/v2\/users\/1"}],"replies":[{"embeddable":true,"href":"http:\/\/bruenicke.com\/index.php?rest_route=%2Fwp%2Fv2%2Fcomments&post=70"}],"version-history":[{"count":0,"href":"http:\/\/bruenicke.com\/index.php?rest_route=\/wp\/v2\/pages\/70\/revisions"}],"up":[{"embeddable":true,"href":"http:\/\/bruenicke.com\/index.php?rest_route=\/wp\/v2\/pages\/30"}],"wp:attachment":[{"href":"http:\/\/bruenicke.com\/index.php?rest_route=%2Fwp%2Fv2%2Fmedia&parent=70"}],"curies":[{"name":"wp","href":"https:\/\/api.w.org\/{rel}","templated":true}]}}