{"id":69,"date":"2007-06-04T15:24:56","date_gmt":"2007-06-04T13:24:56","guid":{"rendered":"http:\/\/bruenicke.com\/?page_id=69"},"modified":"2007-06-11T14:14:05","modified_gmt":"2007-06-11T12:14:05","slug":"1","status":"publish","type":"page","link":"http:\/\/bruenicke.com\/?page_id=69","title":{"rendered":"1) 02. April 2007"},"content":{"rendered":"<table width=\"600\" rules=\"all\" cellpadding=\"3\" style=\"border: 1px solid #aaaaaa; height: 647px; text-align: center\">\n<tr>\n<th bgcolor=\"#f9f9f9\">Isl\u00e4ndisch<\/th>\n<th bgcolor=\"#f9f9f9\">Deutsch<\/th>\n<td>&nbsp;<\/td>\n<\/tr>\n<tr>\n<td>\n<div align=\"center\"><font face=\"Arial, Helvetica, sans-serif\">gullur<\/font><\/div>\n<\/td>\n<td>\n<div align=\"center\"><font face=\"Arial, Helvetica, sans-serif\">gelb<\/font><\/div>\n<\/td>\n<td>&nbsp;<\/td>\n<\/tr>\n<tr>\n<td>\n<div align=\"center\"><font face=\"Arial, Helvetica, sans-serif\">rau\u00f0ur<\/font><\/div>\n<\/td>\n<td>\n<div align=\"center\"><font face=\"Arial, Helvetica, sans-serif\">rot<\/font><\/div>\n<\/td>\n<td>&nbsp;<\/td>\n<\/tr>\n<tr>\n<td>\n<div align=\"center\"><font face=\"Arial, Helvetica, sans-serif\">bl\u00e1r<\/font><\/div>\n<\/td>\n<td>\n<div align=\"center\"><font face=\"Arial, Helvetica, sans-serif\">blau<\/font><\/div>\n<\/td>\n<td>&nbsp;<\/td>\n<\/tr>\n<tr>\n<td>\n<div align=\"center\"><font face=\"Arial, Helvetica, sans-serif\">svartur<\/font><\/div>\n<\/td>\n<td>\n<div align=\"center\"><font face=\"Arial, Helvetica, sans-serif\">schwarz<\/font><\/div>\n<\/td>\n<td>&nbsp;<\/td>\n<\/tr>\n<tr>\n<td>\n<div align=\"center\"><font face=\"Arial, Helvetica, sans-serif\">gr\u00e6nn<\/font><\/div>\n<\/td>\n<td>\n<div align=\"center\"><font face=\"Arial, Helvetica, sans-serif\">gr\u00fcn<\/font><\/div>\n<\/td>\n<td>&nbsp;<\/td>\n<\/tr>\n<tr>\n<td>\n<div align=\"center\"><font face=\"Arial, Helvetica, sans-serif\">fjolubl\u00e1r<\/font><\/div>\n<\/td>\n<td>\n<div align=\"center\"><font face=\"Arial, Helvetica, sans-serif\">lila<\/font><\/div>\n<\/td>\n<td>&nbsp;<\/td>\n<\/tr>\n<tr>\n<td>\n<div align=\"center\"><font face=\"Arial, Helvetica, sans-serif\">bleikur<\/font><\/div>\n<\/td>\n<td>\n<div align=\"center\"><font face=\"Arial, Helvetica, sans-serif\">rosa<\/font><\/div>\n<\/td>\n<td>&nbsp;<\/td>\n<\/tr>\n<tr>\n<td>\n<div align=\"center\"><font face=\"Arial, Helvetica, sans-serif\">hvitur<\/font><\/div>\n<\/td>\n<td>\n<div align=\"center\"><font face=\"Arial, Helvetica, sans-serif\">wei\u00df<\/font><\/div>\n<\/td>\n<td>&nbsp;<\/td>\n<\/tr>\n<tr>\n<td><font face=\"Arial, Helvetica, sans-serif\">appels\u00ednurgulur<\/font><\/p>\n<div align=\"center\" \/><\/td>\n<td>\n<div align=\"center\"><font face=\"Arial, Helvetica, sans-serif\">orange<\/font><\/div>\n<\/td>\n<td>&nbsp;<\/td>\n<\/tr>\n<tr>\n<td>\n<div align=\"center\"><font face=\"Arial, Helvetica, sans-serif\">br\u00fan<\/font><\/div>\n<\/td>\n<td>\n<div align=\"center\"><font face=\"Arial, Helvetica, sans-serif\">braun<\/font><\/div>\n<\/td>\n<td>&nbsp;<\/td>\n<\/tr>\n<tr>\n<td>\n<div align=\"center\"><font face=\"Arial, Helvetica, sans-serif\">gr\u00e1r<\/font><\/div>\n<\/td>\n<td>\n<div align=\"center\"><font face=\"Arial, Helvetica, sans-serif\">grau<\/font><\/div>\n<\/td>\n<td>&nbsp;<\/td>\n<\/tr>\n<tr>\n<td>\n<div align=\"center\"><font face=\"Arial, Helvetica, sans-serif\">ba\u00f0kar<\/font><\/div>\n<\/td>\n<td>\n<div align=\"center\"><font face=\"Arial, Helvetica, sans-serif\">Badewanne<\/font><\/div>\n<\/td>\n<td>&nbsp;<\/td>\n<\/tr>\n<tr>\n<td>\n<div align=\"center\"><font face=\"Arial, Helvetica, sans-serif\">sturta<\/font><\/div>\n<\/td>\n<td>\n<div align=\"center\"><font face=\"Arial, Helvetica, sans-serif\">Dusche<\/font><\/div>\n<\/td>\n<td>&nbsp;<\/td>\n<\/tr>\n<tr>\n<td>\n<div align=\"center\"><font face=\"Arial, Helvetica, sans-serif\">stelpa<\/font><\/div>\n<\/td>\n<td>\n<div align=\"center\"><font face=\"Arial, Helvetica, sans-serif\">M\u00e4dchen<\/font><\/div>\n<\/td>\n<td>&nbsp;<\/td>\n<\/tr>\n<tr>\n<td>\n<div align=\"center\"><font face=\"Arial, Helvetica, sans-serif\">str\u00e1kur<\/font><\/div>\n<\/td>\n<td>\n<div align=\"center\"><font face=\"Arial, Helvetica, sans-serif\">Junge<\/font><\/div>\n<\/td>\n<td>&nbsp;<\/td>\n<\/tr>\n<tr>\n<td>\n<div align=\"center\"><font face=\"Arial, Helvetica, sans-serif\">getur \u00feu          gefi\u00f0 hestinum hey?<\/font><\/div>\n<\/td>\n<td>\n<div align=\"center\"><font face=\"Arial, Helvetica, sans-serif\">Kannst          Du dem Pferd Heu geben?<\/font><\/div>\n<\/td>\n<td>&nbsp;<\/td>\n<\/tr>\n<tr>\n<td>\n<div align=\"center\"><font face=\"Arial, Helvetica, sans-serif\">m\u00e1          \u00e9g gefa hestinum hey?<\/font><\/div>\n<\/td>\n<td>\n<div align=\"center\"><font face=\"Arial, Helvetica, sans-serif\">Darf ich          dem Pferd Heu geben?<\/font><\/div>\n<\/td>\n<td>&nbsp;<\/td>\n<\/tr>\n<tr>\n<td>\n<div align=\"center\"><font face=\"Arial, Helvetica, sans-serif\">ver\u00f0          \u00e9g a\u00f0 gefa hestinum hey?<\/font><\/div>\n<\/td>\n<td>\n<div align=\"center\"><font face=\"Arial, Helvetica, sans-serif\">Muss ich          dem Pferd Heu geben?<\/font><\/div>\n<\/td>\n<td>&nbsp;<\/td>\n<\/tr>\n<tr>\n<td>\n<div align=\"center\"><font face=\"Arial, Helvetica, sans-serif\">\u00e9g          \u00e6tla a\u00f0 r\u00ed\u00f0a hestinum.<\/font><\/div>\n<\/td>\n<td>\n<div align=\"center\"><font face=\"Arial, Helvetica, sans-serif\">Ich will          das Pferd reiten. <\/font><\/div>\n<\/td>\n<td>&nbsp;<\/td>\n<\/tr>\n<tr>\n<td>\n<div align=\"center\"><font face=\"Arial, Helvetica, sans-serif\">\u00e1          \u00e9g a\u00f0 ri\u00f0a hestinum?<\/font><\/div>\n<\/td>\n<td>\n<div align=\"center\"><font face=\"Arial, Helvetica, sans-serif\">Soll ich          das Pferd reiten?<\/font><\/div>\n<\/td>\n<td>&nbsp;<\/td>\n<\/tr>\n<tr>\n<td>\n<div align=\"center\"><font face=\"Arial, Helvetica, sans-serif\">\u00feau          eiga a\u00f0 koma.<\/font><\/div>\n<\/td>\n<td>\n<div align=\"center\"><font face=\"Arial, Helvetica, sans-serif\">Sie (alle)          sollen kommen. <\/font><\/div>\n<\/td>\n<td>&nbsp;<\/td>\n<\/tr>\n<tr>\n<td>\n<div align=\"center\"><font face=\"Arial, Helvetica, sans-serif\">Hva\u00f0          er klukkan?<\/font><\/div>\n<\/td>\n<td>\n<div align=\"center\"><font face=\"Arial, Helvetica, sans-serif\">Wie sp\u00e4t          ist es? <\/font><\/div>\n<\/td>\n<td>&nbsp;<\/td>\n<\/tr>\n<tr>\n<td>\n<div align=\"center\"><font face=\"Arial, Helvetica, sans-serif\">\u00ed          g\u00e6r<\/font><\/div>\n<\/td>\n<td>\n<div align=\"center\"><font face=\"Arial, Helvetica, sans-serif\">gestern<\/font><\/div>\n<\/td>\n<td>&nbsp;<\/td>\n<\/tr>\n<tr>\n<td>\n<div align=\"center\"><font face=\"Arial, Helvetica, sans-serif\">\u00ed          dag<\/font><\/div>\n<\/td>\n<td>\n<div align=\"center\"><font face=\"Arial, Helvetica, sans-serif\">heute<\/font><\/div>\n<\/td>\n<td>&nbsp;<\/td>\n<\/tr>\n<tr>\n<td>\n<div align=\"center\"><font face=\"Arial, Helvetica, sans-serif\">\u00e1          morgun<\/font><\/div>\n<\/td>\n<td>\n<div align=\"center\"><font face=\"Arial, Helvetica, sans-serif\">morgen<\/font><\/div>\n<\/td>\n<td>&nbsp;<\/td>\n<\/tr>\n<tr>\n<td>\n<div align=\"center\"><font face=\"Arial, Helvetica, sans-serif\">strax<\/font><\/div>\n<\/td>\n<td>\n<div align=\"center\"><font face=\"Arial, Helvetica, sans-serif\">sofort<\/font><\/div>\n<\/td>\n<td>&nbsp;<\/td>\n<\/tr>\n<tr>\n<td>\n<div align=\"center\"><font face=\"Arial, Helvetica, sans-serif\">alltaf<\/font><\/div>\n<\/td>\n<td>\n<div align=\"center\"><font face=\"Arial, Helvetica, sans-serif\">immer<\/font><\/div>\n<\/td>\n<td>&nbsp;<\/td>\n<\/tr>\n<tr>\n<td>&nbsp;<\/td>\n<\/tr>\n<tr>\n<td><font face=\"Arial, Helvetica, sans-serif\">sjaldan<\/font><\/td>\n<td><font face=\"Arial, Helvetica, sans-serif\">selten<\/font><\/td>\n<td>&nbsp;<\/td>\n<\/tr>\n<tr>\n<td><font face=\"Arial, Helvetica, sans-serif\">aldrei<\/font><\/td>\n<td><font face=\"Arial, Helvetica, sans-serif\">nie<\/font><\/td>\n<td>&nbsp;<\/td>\n<\/tr>\n<\/table>\n","protected":false},"excerpt":{"rendered":"<p>Isl\u00e4ndisch Deutsch &nbsp; gullur gelb &nbsp; rau\u00f0ur rot &nbsp; bl\u00e1r blau &nbsp; svartur schwarz &nbsp; gr\u00e6nn gr\u00fcn &nbsp; fjolubl\u00e1r lila &nbsp; bleikur rosa &nbsp; hvitur wei\u00df &nbsp; appels\u00ednurgulur orange &nbsp; br\u00fan braun &nbsp; gr\u00e1r grau &nbsp; ba\u00f0kar Badewanne &nbsp; sturta Dusche &nbsp; stelpa M\u00e4dchen &nbsp; str\u00e1kur Junge &nbsp; getur \u00feu gefi\u00f0 hestinum hey? Kannst Du [&hellip;]<\/p>\n","protected":false},"author":1,"featured_media":0,"parent":30,"menu_order":0,"comment_status":"open","ping_status":"closed","template":"","meta":{"footnotes":""},"class_list":["post-69","page","type-page","status-publish","hentry"],"_links":{"self":[{"href":"http:\/\/bruenicke.com\/index.php?rest_route=\/wp\/v2\/pages\/69","targetHints":{"allow":["GET"]}}],"collection":[{"href":"http:\/\/bruenicke.com\/index.php?rest_route=\/wp\/v2\/pages"}],"about":[{"href":"http:\/\/bruenicke.com\/index.php?rest_route=\/wp\/v2\/types\/page"}],"author":[{"embeddable":true,"href":"http:\/\/bruenicke.com\/index.php?rest_route=\/wp\/v2\/users\/1"}],"replies":[{"embeddable":true,"href":"http:\/\/bruenicke.com\/index.php?rest_route=%2Fwp%2Fv2%2Fcomments&post=69"}],"version-history":[{"count":0,"href":"http:\/\/bruenicke.com\/index.php?rest_route=\/wp\/v2\/pages\/69\/revisions"}],"up":[{"embeddable":true,"href":"http:\/\/bruenicke.com\/index.php?rest_route=\/wp\/v2\/pages\/30"}],"wp:attachment":[{"href":"http:\/\/bruenicke.com\/index.php?rest_route=%2Fwp%2Fv2%2Fmedia&parent=69"}],"curies":[{"name":"wp","href":"https:\/\/api.w.org\/{rel}","templated":true}]}}