{"id":49,"date":"2007-05-21T13:49:37","date_gmt":"2007-05-21T11:49:37","guid":{"rendered":"http:\/\/bruenicke.com\/?page_id=49"},"modified":"2007-05-21T13:51:19","modified_gmt":"2007-05-21T11:51:19","slug":"fohlen","status":"publish","type":"page","link":"http:\/\/bruenicke.com\/?page_id=49","title":{"rendered":"Fohlen"},"content":{"rendered":"<p>Hallo Ihr,<\/p>\n<p>hier gibt es Fotos von mir:<\/p>\n<p><a title=\"Fohlenfotos\" target=\"_blank\" href=\"http:\/\/www.flickr.com\/photos\/islandpferde_askur\/\">Fohlenfotos<\/a><\/p>\n<p>Viel Spa\u00df beim St\u00f6bern!<\/p>\n<p>P.S.: Wer noch sch\u00f6ne Bilder von mir hat; Swantje w\u00fcrd&#8216; sich freuen&#8230;<\/p>\n","protected":false},"excerpt":{"rendered":"<p>Hallo Ihr, hier gibt es Fotos von mir: Fohlenfotos Viel Spa\u00df beim St\u00f6bern! P.S.: Wer noch sch\u00f6ne Bilder von mir hat; Swantje w\u00fcrd&#8216; sich freuen&#8230;<\/p>\n","protected":false},"author":1,"featured_media":0,"parent":15,"menu_order":0,"comment_status":"open","ping_status":"closed","template":"","meta":{"footnotes":""},"class_list":["post-49","page","type-page","status-publish","hentry"],"_links":{"self":[{"href":"http:\/\/bruenicke.com\/index.php?rest_route=\/wp\/v2\/pages\/49","targetHints":{"allow":["GET"]}}],"collection":[{"href":"http:\/\/bruenicke.com\/index.php?rest_route=\/wp\/v2\/pages"}],"about":[{"href":"http:\/\/bruenicke.com\/index.php?rest_route=\/wp\/v2\/types\/page"}],"author":[{"embeddable":true,"href":"http:\/\/bruenicke.com\/index.php?rest_route=\/wp\/v2\/users\/1"}],"replies":[{"embeddable":true,"href":"http:\/\/bruenicke.com\/index.php?rest_route=%2Fwp%2Fv2%2Fcomments&post=49"}],"version-history":[{"count":0,"href":"http:\/\/bruenicke.com\/index.php?rest_route=\/wp\/v2\/pages\/49\/revisions"}],"up":[{"embeddable":true,"href":"http:\/\/bruenicke.com\/index.php?rest_route=\/wp\/v2\/pages\/15"}],"wp:attachment":[{"href":"http:\/\/bruenicke.com\/index.php?rest_route=%2Fwp%2Fv2%2Fmedia&parent=49"}],"curies":[{"name":"wp","href":"https:\/\/api.w.org\/{rel}","templated":true}]}}