{"id":36,"date":"2007-05-04T15:33:59","date_gmt":"2007-05-04T13:33:59","guid":{"rendered":"http:\/\/bruenicke.com\/?page_id=36"},"modified":"2007-05-04T15:33:59","modified_gmt":"2007-05-04T13:33:59","slug":"vafi-fra-mi%c3%b0husum","status":"publish","type":"page","link":"http:\/\/bruenicke.com\/?page_id=36","title":{"rendered":"Vafi fr\u00e1 Mi\u00f0h\u00fasum"},"content":{"rendered":"<p>Das &#8222;beste Pferde von allen&#8220; hat im April mit mir einen supersch\u00f6nen Kurs besucht. Hier ein paar der Beweisfotos:<\/p>\n<p><img decoding=\"async\" alt=\"Vafi Springen\" id=\"image33\" style=\"width: 364px; height: 241px\" src=\"http:\/\/bruenicke.com\/wp-content\/uploads\/2007\/05\/449518692_efafc475e9_b.jpg\" \/><\/p>\n<p><img decoding=\"async\" alt=\"Pr\u00fcfungstag\" id=\"image34\" style=\"width: 360px; height: 239px\" src=\"http:\/\/bruenicke.com\/wp-content\/uploads\/2007\/05\/459956217_178cd3c49f_b.jpg\" \/><\/p>\n<p><img decoding=\"async\" alt=\"vafidressur.jpg\" id=\"image35\" style=\"width: 361px; height: 315px\" src=\"http:\/\/bruenicke.com\/wp-content\/uploads\/2007\/05\/vafidressur.jpg\" \/><\/p>\n","protected":false},"excerpt":{"rendered":"<p>Das &#8222;beste Pferde von allen&#8220; hat im April mit mir einen supersch\u00f6nen Kurs besucht. Hier ein paar der Beweisfotos:<\/p>\n","protected":false},"author":1,"featured_media":0,"parent":15,"menu_order":0,"comment_status":"open","ping_status":"closed","template":"","meta":{"footnotes":""},"class_list":["post-36","page","type-page","status-publish","hentry"],"_links":{"self":[{"href":"http:\/\/bruenicke.com\/index.php?rest_route=\/wp\/v2\/pages\/36","targetHints":{"allow":["GET"]}}],"collection":[{"href":"http:\/\/bruenicke.com\/index.php?rest_route=\/wp\/v2\/pages"}],"about":[{"href":"http:\/\/bruenicke.com\/index.php?rest_route=\/wp\/v2\/types\/page"}],"author":[{"embeddable":true,"href":"http:\/\/bruenicke.com\/index.php?rest_route=\/wp\/v2\/users\/1"}],"replies":[{"embeddable":true,"href":"http:\/\/bruenicke.com\/index.php?rest_route=%2Fwp%2Fv2%2Fcomments&post=36"}],"version-history":[{"count":0,"href":"http:\/\/bruenicke.com\/index.php?rest_route=\/wp\/v2\/pages\/36\/revisions"}],"up":[{"embeddable":true,"href":"http:\/\/bruenicke.com\/index.php?rest_route=\/wp\/v2\/pages\/15"}],"wp:attachment":[{"href":"http:\/\/bruenicke.com\/index.php?rest_route=%2Fwp%2Fv2%2Fmedia&parent=36"}],"curies":[{"name":"wp","href":"https:\/\/api.w.org\/{rel}","templated":true}]}}