{"id":2,"date":"2006-10-02T21:26:19","date_gmt":"2006-10-02T19:26:19","guid":{"rendered":""},"modified":"2009-05-21T17:40:53","modified_gmt":"2009-05-21T15:40:53","slug":"uber","status":"publish","type":"page","link":"http:\/\/bruenicke.com\/?page_id=2","title":{"rendered":"ueber"},"content":{"rendered":"<p>\u00a0<\/p>\n<p>\u00a0<img loading=\"lazy\" decoding=\"async\" id=\"image10\" style=\"width: 223px; height: 170px\" height=\"170\" alt=\"Swani\" src=\"http:\/\/bruenicke.com\/wp-content\/uploads\/2007\/01\/swani.jpg\" width=\"223\" \/><\/p>\n<p>Swantje Br\u00fcnicke &#8211; Islandpferdereiterin aus Leidenschaft &#8211; geboren am 27.4.1965 &#8211; mittlerweile, dank Reni, mit dem Spitznamen Swani versehen &#8211; 2 Klassekinder Nike und Max &#8211; 1 Hund &#8211; 2 Katzen &#8211; Islandverr\u00fcckt &#8211; mag Nougat f\u00fcr ihr Leben gern &#8211; versucht Nougat in Zukunft zu vermeiden, da sie Rennpass noch viel mehr mag und \u00ddrs Tragkraft begrenzt ist.<\/p>\n<p><!-- Site Meter --><br \/>\n<script type=\"text\/javascript\" src=\"http:\/\/s18.sitemeter.com\/js\/counter.js?site=s18messung\">\n<\/script><br \/>\n<noscript><br \/>\n<a href=\"http:\/\/s18.sitemeter.com\/stats.asp?site=s18messung\" target=\"_top\"><br \/>\n<img decoding=\"async\" src=\"http:\/\/s18.sitemeter.com\/meter.asp?site=s18messung\" alt=\"Site Meter\" border=\"0\"\/><\/a><br \/>\n<\/noscript><br \/>\n<!-- Copyright (c)2009 Site Meter --><\/p>\n","protected":false},"excerpt":{"rendered":"<p>\u00a0 \u00a0 Swantje Br\u00fcnicke &#8211; Islandpferdereiterin aus Leidenschaft &#8211; geboren am 27.4.1965 &#8211; mittlerweile, dank Reni, mit dem Spitznamen Swani versehen &#8211; 2 Klassekinder Nike und Max &#8211; 1 Hund &#8211; 2 Katzen &#8211; Islandverr\u00fcckt &#8211; mag Nougat f\u00fcr ihr Leben gern &#8211; versucht Nougat in Zukunft zu vermeiden, da sie Rennpass noch viel mehr [&hellip;]<\/p>\n","protected":false},"author":1,"featured_media":0,"parent":0,"menu_order":0,"comment_status":"open","ping_status":"open","template":"","meta":{"footnotes":""},"class_list":["post-2","page","type-page","status-publish","hentry"],"_links":{"self":[{"href":"http:\/\/bruenicke.com\/index.php?rest_route=\/wp\/v2\/pages\/2","targetHints":{"allow":["GET"]}}],"collection":[{"href":"http:\/\/bruenicke.com\/index.php?rest_route=\/wp\/v2\/pages"}],"about":[{"href":"http:\/\/bruenicke.com\/index.php?rest_route=\/wp\/v2\/types\/page"}],"author":[{"embeddable":true,"href":"http:\/\/bruenicke.com\/index.php?rest_route=\/wp\/v2\/users\/1"}],"replies":[{"embeddable":true,"href":"http:\/\/bruenicke.com\/index.php?rest_route=%2Fwp%2Fv2%2Fcomments&post=2"}],"version-history":[{"count":0,"href":"http:\/\/bruenicke.com\/index.php?rest_route=\/wp\/v2\/pages\/2\/revisions"}],"wp:attachment":[{"href":"http:\/\/bruenicke.com\/index.php?rest_route=%2Fwp%2Fv2%2Fmedia&parent=2"}],"curies":[{"name":"wp","href":"https:\/\/api.w.org\/{rel}","templated":true}]}}