{"id":157,"date":"2008-04-22T19:20:42","date_gmt":"2008-04-22T17:20:42","guid":{"rendered":"http:\/\/bruenicke.com\/?page_id=157"},"modified":"2008-04-22T19:20:42","modified_gmt":"2008-04-22T17:20:42","slug":"sonnenschein-im-april","status":"publish","type":"page","link":"http:\/\/bruenicke.com\/?page_id=157","title":{"rendered":"Sonnenschein im April"},"content":{"rendered":"<p>Was f\u00fcr ein wundersch\u00f6ner Tag heute war&#8230;.<\/p>\n<p>Dass meine Pferde das auch fanden k\u00f6nnt ihr hier sehen:<br \/>\nAskja genie\u00dft&#8230;<br \/>\n<a href='http:\/\/bruenicke.com\/wp-content\/uploads\/2008\/04\/rimg2545a.jpg' title='Sonne01'><img src='http:\/\/bruenicke.com\/wp-content\/uploads\/2008\/04\/rimg2545a.jpg' alt='Sonne01' \/><\/a><\/p>\n<p>Reykur<br \/>\n<a href='http:\/\/bruenicke.com\/wp-content\/uploads\/2008\/04\/rimg2546a.jpg' title='Sonne02'><img src='http:\/\/bruenicke.com\/wp-content\/uploads\/2008\/04\/rimg2546a.jpg' alt='Sonne02' \/><\/a><\/p>\n<p>Sogar die Ziegies sind entspannt<br \/>\n<a href='http:\/\/bruenicke.com\/wp-content\/uploads\/2008\/04\/rimg2549a.jpg' title='Sonne03'><img src='http:\/\/bruenicke.com\/wp-content\/uploads\/2008\/04\/rimg2549a.jpg' alt='Sonne03' \/><\/a><\/p>\n<p>M\u00e4hne &#8211; Sonne &#8211; Wind, was will man mehr?<br \/>\n<a href='http:\/\/bruenicke.com\/wp-content\/uploads\/2008\/04\/rimg2550a.jpg' title='Sonne04'><img src='http:\/\/bruenicke.com\/wp-content\/uploads\/2008\/04\/rimg2550a.jpg' alt='Sonne04' \/><\/a><\/p>\n","protected":false},"excerpt":{"rendered":"<p>Was f\u00fcr ein wundersch\u00f6ner Tag heute war&#8230;. Dass meine Pferde das auch fanden k\u00f6nnt ihr hier sehen: Askja genie\u00dft&#8230; Reykur Sogar die Ziegies sind entspannt M\u00e4hne &#8211; Sonne &#8211; Wind, was will man mehr?<\/p>\n","protected":false},"author":1,"featured_media":0,"parent":15,"menu_order":0,"comment_status":"open","ping_status":"closed","template":"","meta":{"footnotes":""},"class_list":["post-157","page","type-page","status-publish","hentry"],"_links":{"self":[{"href":"http:\/\/bruenicke.com\/index.php?rest_route=\/wp\/v2\/pages\/157","targetHints":{"allow":["GET"]}}],"collection":[{"href":"http:\/\/bruenicke.com\/index.php?rest_route=\/wp\/v2\/pages"}],"about":[{"href":"http:\/\/bruenicke.com\/index.php?rest_route=\/wp\/v2\/types\/page"}],"author":[{"embeddable":true,"href":"http:\/\/bruenicke.com\/index.php?rest_route=\/wp\/v2\/users\/1"}],"replies":[{"embeddable":true,"href":"http:\/\/bruenicke.com\/index.php?rest_route=%2Fwp%2Fv2%2Fcomments&post=157"}],"version-history":[{"count":0,"href":"http:\/\/bruenicke.com\/index.php?rest_route=\/wp\/v2\/pages\/157\/revisions"}],"up":[{"embeddable":true,"href":"http:\/\/bruenicke.com\/index.php?rest_route=\/wp\/v2\/pages\/15"}],"wp:attachment":[{"href":"http:\/\/bruenicke.com\/index.php?rest_route=%2Fwp%2Fv2%2Fmedia&parent=157"}],"curies":[{"name":"wp","href":"https:\/\/api.w.org\/{rel}","templated":true}]}}