{"id":144,"date":"2007-12-25T16:45:34","date_gmt":"2007-12-25T14:45:34","guid":{"rendered":"http:\/\/bruenicke.com\/?page_id=144"},"modified":"2007-12-25T16:45:52","modified_gmt":"2007-12-25T14:45:52","slug":"reiseroute","status":"publish","type":"page","link":"http:\/\/bruenicke.com\/?page_id=144","title":{"rendered":"Reiseroute"},"content":{"rendered":"<p><a href='http:\/\/bruenicke.com\/wp-content\/uploads\/2007\/12\/route.jpg' title='route'><img src='http:\/\/bruenicke.com\/wp-content\/uploads\/2007\/12\/route.jpg' alt='route' \/><\/a><\/p>\n<p> Tag\tProgramm<br \/>\n1 \tAnkunft in Keflavik mit Flug aus Hamburg via KopenhagenLanden in Keflav\u00edk am Nachmittag \u00dcbernahme der Mietwagen und fahrt \u00fcber Reykjav\u00edk und Borgafj\u00f6r\u00f0ur auf die Halbinsel Sn\u00e6fellsnes. Dort werden Sie von der Gasgeberin mit einem typisch isl\u00e4ndischen Abendessen empfangen<br \/>\n2\tSn\u00e6fellsnes Heute ist Zeit f\u00fcr die Erkundung der Halbinsel Sn\u00e6fellsnes mit einer Fahrt zum Gletscher Sn\u00e6fellsj\u00f6kull und dem  Besuch des Hafenst\u00e4dtchens Stykkesholmur. Au\u00dferdem besteht die M\u00f6glichkeit eine Whale watching Tour zu unternehmen und einen Ausritt auf dem Hof L\u00fdsuh\u00f3ll.<br \/>\n3\tReykholt, Hraunfoss Ausflugsziel heute ist das Geothermalgebiet der Deildatunguhver bei Reykholt und weiter zu den Wasserf\u00e4llen Hraunafoss und Barnafoss. Ausritt oder anstatt der Besichtigungstour Tagesritt am Strand entlang.<br \/>\n4\tFahrt zum Skagafj\u00f6r\u00f0ur Nach dem Fr\u00fchst\u00fcck geht es weiter in Richtung Norden. Auf dem Weg kann die \u00e4lteste Steinkirche Islands auf \u00deingeyrar besichtigt werden Au\u00dferdem ist dies auch ein Gest\u00fct mit einem der sch\u00f6nsten St\u00e4lle Islands. Anschlie\u00dfend Fahrt in den Skagafj\u00f6r\u00f0ur und zum Hof Keldudal.<br \/>\n5\tRundfahrt Eine Rundfahrt im Skagafj\u00f6r\u00f0ur-Gebiet steht auf dem Programm. Sie k\u00f6nnen die Landwirtschaftsschule H\u00f3lar und das Staatsgest\u00fctes dort besichtigen und das Museums Glaumb\u00e6r besuchen, ein altes isl\u00e4ndischen Torfgeh\u00f6ft. Ein Spatziergang am schwarzen Sandstrand direkt am Nordatlantik oder ein Bad in der Grettislaug (Natur Hot Pot) runden diesen Tag ab.<br \/>\n6 \t\u00dcber Olafsfj\u00f6r\u00f0ur, Dalvik und Akureyri zum M\u00fdvatn Sie fahren die K\u00fcstenstrasse \u00fcber Olafsfj\u00f6r\u00f0ur. In Dalvik steht das gr\u00f6\u00dfte Stallgeb\u00e4ude Islands, das einen Besuch wert ist. Bei einem Zwischenstopp in Akureyri, der Hauptstadt des Nordens k\u00f6nnen noch Lebensmittel f\u00fcr die n\u00e4chsten Tage eingekauft werden bevor Sie Ihre Fahrt zum M\u00fdvatn fortsetzen. Auf dem Weg dorthin kommen Sie am G\u00f3\u00f0afoss, dem G\u00f6tterwasserfall vorbei.<br \/>\n7 \tM\u00fdvatn Im Gebiet Rund um den M\u00fdvatn gibt es viel zu Entdecken. Unz\u00e4hlige Natur-Highlights und Sehensw\u00fcrdigkeiten (z.B. Dimmuborgir, Hverfjall, N\u00e1mafjall u.a.)liegen direkt am Wegesrand. In dem Schwimmbad \u0084M\u00fdvatn Nature Bath\u0093 haben Sie die M\u00f6glichkeit in einem naturwarmen Badesee zu entspannen. Es besteht die M\u00f6glichkeit einer Rundtour zum Dettifoss und der kleinen Hafenstadt H\u00fasavik.<br \/>\n8\tKj\u00f6lur Es geht z\u00fcgig zur\u00fcck auf der Ringstra\u00dfe in Richtung S\u00fcden. Zwischen Varmahli\u00f0 und Bl\u00f6du\u00f3s geht die Hochlandpiste Kj\u00f6lur ab, auf der Sie bis zur direkt im Hochland gelegenen H\u00fctte Kerlingafj\u00f6ll gelangen. Dort haben Sie noch genug Zeit f\u00fcr ausgedehnte Wanderungen in dieser unwirklichen Landschaft.<br \/>\n9\tGeysir, Gullfoss und ein St\u00fcck S\u00fcdk\u00fcste Zeitig nach dem Fr\u00fchst\u00fcck geht es weiter Richtung S\u00fcden. Sie kommen an Islands gr\u00f6\u00dfte Attraktionen dem golden Wasserfall Gullfoss und dem Geysir vorbei. Weiter geht es entlang der S\u00fcdk\u00fcste bis zum Guesthouse Stora M\u00f6rk am Fu\u00df des Gletschers Eyjafjallaj\u00f6k\u00fcll und am Rand des bekannten \u00de\u00f3rsm\u00f6rk-Gebietes.<br \/>\n10\tVik, \u00deingvellir Mit einem Abstecher an die S\u00fcdlichste Spitze Islands an einen der wohl sch\u00f6nsten St\u00e4nde der Insel beginnt der heutige Tag. Danacj geht es auf der Ringstrasse Richtuneg Reykjav\u00edk. Ein kleiner Schlenker f\u00fchrt Sie zum See \u00deingvellir, dem Alten Versammlungsort der Isl\u00e4nder. Bei einem Spatziergang erleben Sie isl\u00e4ndische Geschichte und Geologie hautnah. \u00dcbernachtung in Reykjav\u00edk<br \/>\n11\tStadtbummel Heute haben Sie den ganzen Tag Zeit, um die n\u00f6rdlichste Hauptstadt der Welt zu erkunden, bummeln zu gehen und ein wenig isl\u00e4ndisches Hauptstadtleben zu schnuppern. Unz\u00e4hlige Gesch\u00e4fte laden zum st\u00f6bern ein.  Auch das isl\u00e4ndische Nationalmuseum ist einen Besuch wert.<br \/>\n12\tAbreise Nach dem letzten gem\u00fctlichen Fr\u00fchst\u00fcck geht es zum Flughafen, wo Sie gegen Mittag den Heimflug antreten. Ankunft in Hamburg ca. 21 Uhr.<\/p>\n","protected":false},"excerpt":{"rendered":"<p>Tag Programm 1 Ankunft in Keflavik mit Flug aus Hamburg via KopenhagenLanden in Keflav\u00edk am Nachmittag \u00dcbernahme der Mietwagen und fahrt \u00fcber Reykjav\u00edk und Borgafj\u00f6r\u00f0ur auf die Halbinsel Sn\u00e6fellsnes. Dort werden Sie von der Gasgeberin mit einem typisch isl\u00e4ndischen Abendessen empfangen 2 Sn\u00e6fellsnes Heute ist Zeit f\u00fcr die Erkundung der Halbinsel Sn\u00e6fellsnes mit einer Fahrt [&hellip;]<\/p>\n","protected":false},"author":1,"featured_media":0,"parent":133,"menu_order":0,"comment_status":"open","ping_status":"closed","template":"","meta":{"footnotes":""},"class_list":["post-144","page","type-page","status-publish","hentry"],"_links":{"self":[{"href":"http:\/\/bruenicke.com\/index.php?rest_route=\/wp\/v2\/pages\/144","targetHints":{"allow":["GET"]}}],"collection":[{"href":"http:\/\/bruenicke.com\/index.php?rest_route=\/wp\/v2\/pages"}],"about":[{"href":"http:\/\/bruenicke.com\/index.php?rest_route=\/wp\/v2\/types\/page"}],"author":[{"embeddable":true,"href":"http:\/\/bruenicke.com\/index.php?rest_route=\/wp\/v2\/users\/1"}],"replies":[{"embeddable":true,"href":"http:\/\/bruenicke.com\/index.php?rest_route=%2Fwp%2Fv2%2Fcomments&post=144"}],"version-history":[{"count":0,"href":"http:\/\/bruenicke.com\/index.php?rest_route=\/wp\/v2\/pages\/144\/revisions"}],"up":[{"embeddable":true,"href":"http:\/\/bruenicke.com\/index.php?rest_route=\/wp\/v2\/pages\/133"}],"wp:attachment":[{"href":"http:\/\/bruenicke.com\/index.php?rest_route=%2Fwp%2Fv2%2Fmedia&parent=144"}],"curies":[{"name":"wp","href":"https:\/\/api.w.org\/{rel}","templated":true}]}}