{"id":133,"date":"2007-12-20T14:12:30","date_gmt":"2007-12-20T12:12:30","guid":{"rendered":"http:\/\/bruenicke.com\/?page_id=133"},"modified":"2007-12-20T14:29:35","modified_gmt":"2007-12-20T12:29:35","slug":"island-2008","status":"publish","type":"page","link":"http:\/\/bruenicke.com\/?page_id=133","title":{"rendered":"Island 2008"},"content":{"rendered":"<p>Wir fahren in den Sommerferien 2008 (also Zeitraum 21.7. &#8211; 30.8.2008) f\u00fcr ca. 11 Tage gemeinsam nach Island! Abflug voraussichtlich Hamburg, Fortbewegung auf Island per Allrad-Pkw oder Pferd, nat\u00fcrlich ist wandern und schwimmen erlaubt&#8230;<\/p>\n<p>Unsere Reise geht vom Flughafen Keflavik direkt zum Reiterhof L\u00fdsuh\u00f3ll auf der Halbinsel Sn\u00e6fellsness. Dort bleiben wir die ersten Tage und genie\u00dfen Ausritte am Strand, Lavawasserf\u00e4lle und die traumhafte Umgebung. <\/p>\n<p>Nach unserer Zeit dort fahren wir weiter Richtung Norden, in den Skagafj\u00f6r\u00f0ur. Dieses Gebiet ist f\u00fcr seine guten Pferde bekannt und so mancher Ausnahmehengst stammt von hier. Wir besuchen die Landwirtschaftsschule in H\u00f3lar, g\u00f6nnen uns wundersch\u00f6ne Ritte und lassen auch die Sehensw\u00fcrdigkeiten wie Glaumb\u00e6r, einen Museumshof, nicht aus.<\/p>\n<p><a href='http:\/\/bruenicke.com\/wp-content\/uploads\/2007\/12\/800px-iceland_glaumbaer.jpg' title='Glaumb\u00e6r'><img src='http:\/\/bruenicke.com\/wp-content\/uploads\/2007\/12\/800px-iceland_glaumbaer.thumbnail.jpg' alt='Glaumb\u00e6r' \/><\/a><\/p>\n<p>Weiter geht die Fahrt Richtung Myvatn, Dimmuborgir und Go\u00f0afoss und noch vieles mehr wird uns beeindrucken.<\/p>\n<p><a href='http:\/\/bruenicke.com\/wp-content\/uploads\/2007\/12\/rimg1012.JPG' title='Dimmuborgir'><img src='http:\/\/bruenicke.com\/wp-content\/uploads\/2007\/12\/rimg1012.thumbnail.JPG' alt='Dimmuborgir' \/><\/a><\/p>\n<p>Von hier aus fahren wir ein St\u00fcck wieder zur\u00fcck, um mit unseren Gel\u00e4ndewagen quer durch das Hochland die Kj\u00f6lur-Route zu befahren und eine Nacht im Hochland zu verbringen. <\/p>\n<p><a href='http:\/\/bruenicke.com\/wp-content\/uploads\/2007\/12\/rimg1113.JPG' title='Allrad'><img src='http:\/\/bruenicke.com\/wp-content\/uploads\/2007\/12\/rimg1113.thumbnail.JPG' alt='Allrad' \/><\/a><\/p>\n<p>Die Strecke bringt uns zum Gullfoss und Geysir, wir besuchen Thingvellir, und in den S\u00fcden Islands.<\/p>\n<p><a href='http:\/\/bruenicke.com\/wp-content\/uploads\/2007\/12\/rimg0589.JPG' title='Thingvellir'><img src='http:\/\/bruenicke.com\/wp-content\/uploads\/2007\/12\/rimg0589.thumbnail.JPG' alt='Thingvellir' \/><\/a><\/p>\n<p>Nun geht die Reise dem Ende zu und wir fahren Richtung Reykjavik, wo wir die letzten Tage verbringen, bevor es leider leider wieder nach Hause geht.<\/p>\n<p><a href='http:\/\/bruenicke.com\/wp-content\/uploads\/2007\/12\/rimg0561.JPG' title='Reykjavik'><img src='http:\/\/bruenicke.com\/wp-content\/uploads\/2007\/12\/rimg0561.thumbnail.JPG' alt='Reykjavik' \/><\/a><\/p>\n<p>Dies ist nur ein kleiner Vorgeschmack der geplanten Reise. Genaueres erfahrt ihr am 4. Januar 2008 im Aufenthaltsraum Reitstall H\u00f6permann, R\u00f6vkampweg in Wedel.<\/p>\n<p>Swani<\/p>\n","protected":false},"excerpt":{"rendered":"<p>Wir fahren in den Sommerferien 2008 (also Zeitraum 21.7. &#8211; 30.8.2008) f\u00fcr ca. 11 Tage gemeinsam nach Island! Abflug voraussichtlich Hamburg, Fortbewegung auf Island per Allrad-Pkw oder Pferd, nat\u00fcrlich ist wandern und schwimmen erlaubt&#8230; Unsere Reise geht vom Flughafen Keflavik direkt zum Reiterhof L\u00fdsuh\u00f3ll auf der Halbinsel Sn\u00e6fellsness. Dort bleiben wir die ersten Tage und [&hellip;]<\/p>\n","protected":false},"author":1,"featured_media":0,"parent":0,"menu_order":0,"comment_status":"open","ping_status":"closed","template":"","meta":{"footnotes":""},"class_list":["post-133","page","type-page","status-publish","hentry"],"_links":{"self":[{"href":"http:\/\/bruenicke.com\/index.php?rest_route=\/wp\/v2\/pages\/133","targetHints":{"allow":["GET"]}}],"collection":[{"href":"http:\/\/bruenicke.com\/index.php?rest_route=\/wp\/v2\/pages"}],"about":[{"href":"http:\/\/bruenicke.com\/index.php?rest_route=\/wp\/v2\/types\/page"}],"author":[{"embeddable":true,"href":"http:\/\/bruenicke.com\/index.php?rest_route=\/wp\/v2\/users\/1"}],"replies":[{"embeddable":true,"href":"http:\/\/bruenicke.com\/index.php?rest_route=%2Fwp%2Fv2%2Fcomments&post=133"}],"version-history":[{"count":0,"href":"http:\/\/bruenicke.com\/index.php?rest_route=\/wp\/v2\/pages\/133\/revisions"}],"wp:attachment":[{"href":"http:\/\/bruenicke.com\/index.php?rest_route=%2Fwp%2Fv2%2Fmedia&parent=133"}],"curies":[{"name":"wp","href":"https:\/\/api.w.org\/{rel}","templated":true}]}}